{"id":143,"date":"2025-01-29T15:27:12","date_gmt":"2025-01-29T14:27:12","guid":{"rendered":"https:\/\/cabinetdujoncquoy.com\/index.php\/divine-grace-services\/"},"modified":"2025-09-17T17:14:25","modified_gmt":"2025-09-17T15:14:25","slug":"services","status":"publish","type":"page","link":"https:\/\/cabinetdujoncquoy.com\/index.php\/services\/","title":{"rendered":"Services"},"content":{"rendered":"\t\t<div data-elementor-type=\"wp-page\" data-elementor-id=\"143\" class=\"elementor elementor-143\">\n\t\t\t\t\t\t<section class=\"elementor-section elementor-top-section elementor-element elementor-element-cd4661d elementor-section-boxed elementor-section-height-default elementor-section-height-default\" data-id=\"cd4661d\" data-element_type=\"section\" data-settings=\"{&quot;background_background&quot;:&quot;classic&quot;}\">\n\t\t\t\t\t\t<div class=\"elementor-container elementor-column-gap-no\">\n\t\t\t\t\t<div class=\"elementor-column elementor-col-100 elementor-top-column elementor-element elementor-element-56ce1ad\" data-id=\"56ce1ad\" data-element_type=\"column\" data-settings=\"{&quot;background_background&quot;:&quot;classic&quot;}\">\n\t\t\t<div class=\"elementor-widget-wrap elementor-element-populated\">\n\t\t\t\t\t<div class=\"elementor-background-overlay\"><\/div>\n\t\t\t\t\t\t<div class=\"elementor-element elementor-element-caea775 elementor-widget elementor-widget-heading\" data-id=\"caea775\" data-element_type=\"widget\" data-widget_type=\"heading.default\">\n\t\t\t\t<div class=\"elementor-widget-container\">\n\t\t\t\t\t<h2 class=\"elementor-heading-title elementor-size-default\"><span style=\"text-transform: uppercase\">service #1<\/span><span style=\"text-transform: uppercase\"><\/span><\/h2>\t\t\t\t<\/div>\n\t\t\t\t<\/div>\n\t\t\t\t<div class=\"elementor-element elementor-element-d4b9d3f elementor-widget elementor-widget-heading\" data-id=\"d4b9d3f\" data-element_type=\"widget\" data-widget_type=\"heading.default\">\n\t\t\t\t<div class=\"elementor-widget-container\">\n\t\t\t\t\t<h2 class=\"elementor-heading-title elementor-size-default\">LA MOBILITE INTERNATIONALE\n<\/h2>\t\t\t\t<\/div>\n\t\t\t\t<\/div>\n\t\t\t\t\t<\/div>\n\t\t<\/div>\n\t\t\t\t\t<\/div>\n\t\t<\/section>\n\t\t<div class=\"elementor-element elementor-element-90e006c e-flex e-con-boxed e-con e-parent\" data-id=\"90e006c\" data-element_type=\"container\">\n\t\t\t\t\t<div class=\"e-con-inner\">\n\t\t\t\t<div class=\"elementor-element elementor-element-4362868 elementor-widget elementor-widget-text-editor\" data-id=\"4362868\" data-element_type=\"widget\" data-widget_type=\"text-editor.default\">\n\t\t\t\t<div class=\"elementor-widget-container\">\n\t\t\t\t\t\t\t\t\t<p class=\"p1\">Le CABINET DUJONCQUOY conseille, assiste, guide et accompagne ses clients en France et \u00e0 l\u2019\u00e9tranger dans les demandes\u00a0:<\/p>\t\t\t\t\t\t\t\t<\/div>\n\t\t\t\t<\/div>\n\t\t\t\t\t<\/div>\n\t\t\t\t<\/div>\n\t\t\t\t<section class=\"elementor-section elementor-top-section elementor-element elementor-element-22a83f93 elementor-section-content-middle elementor-section-boxed elementor-section-height-default elementor-section-height-default\" data-id=\"22a83f93\" data-element_type=\"section\" id=\"info_section\">\n\t\t\t\t\t\t<div class=\"elementor-container elementor-column-gap-no\">\n\t\t\t\t\t<div class=\"elementor-column elementor-col-50 elementor-top-column elementor-element elementor-element-330f38c6\" data-id=\"330f38c6\" data-element_type=\"column\">\n\t\t\t<div class=\"elementor-widget-wrap elementor-element-populated\">\n\t\t\t\t\t\t<div class=\"elementor-element elementor-element-4cc87d2 elementor-widget elementor-widget-text-editor\" data-id=\"4cc87d2\" data-element_type=\"widget\" data-widget_type=\"text-editor.default\">\n\t\t\t\t<div class=\"elementor-widget-container\">\n\t\t\t\t\t\t\t\t\t<ul class=\"ul1\"><li class=\"li1\">de Visa Long S\u00e9jour<\/li><li class=\"li1\">de Visa Schengen de Court S\u00e9jour<\/li><li class=\"li1\">de Titre de S\u00e9jour Salari\u00e9 D\u00e9tach\u00e9 ICT<\/li><li class=\"li1\">de Titre de S\u00e9jour (Passeport) Talent \u2013 Salari\u00e9 en Mission<\/li><li class=\"li1\">de Titre de S\u00e9jour (Passeport) Talent \u2013 Carte Bleue Europ\u00e9enne<\/li><li class=\"li1\">de transfert de Titre de S\u00e9jour (Passeport) Talent \u2013 Carte Bleue Europ\u00e9enne d\u00e9livr\u00e9 \u00e0 un employ\u00e9 d\u2019un \u00c9tat membre de l\u2019Union Europ\u00e9enne dans le nouvel \u00c9tat membre de r\u00e9sidence<\/li><li class=\"li1\">de Titre de S\u00e9jour (Passeport) Talent \u2013 Salari\u00e9 Qualifi\u00e9\/Entreprise Innovante<\/li><li class=\"li1\">de Titre de S\u00e9jour (Passeport) Talent \u2013 Mandataire Social (Pr\u00e9sident, Directeur G\u00e9n\u00e9ral, G\u00e9rant de Soci\u00e9t\u00e9) dans le cadre d\u2019un transfert IntraGroupe<\/li><li class=\"li1\">de Titre de S\u00e9jour d\u2019un Salari\u00e9 d\u2019un Prestataire de Services Communautaire<\/li><li class=\"li1\">de Titre de S\u00e9jour pour un salari\u00e9 d\u00e9tach\u00e9 dans le cadre de prestations de services entre des soci\u00e9t\u00e9s n\u2019appartenant pas au m\u00eame Groupe<\/li><li class=\"li1\">de Titre de S\u00e9jour (Passeport) Talent \u2013 Cr\u00e9ation d\u2019Entreprise, avec la demande d\u2019Attestation reconnaissant le caract\u00e8re r\u00e9el et s\u00e9rieux du projet<\/li><\/ul>\t\t\t\t\t\t\t\t<\/div>\n\t\t\t\t<\/div>\n\t\t\t\t\t<\/div>\n\t\t<\/div>\n\t\t\t\t<div class=\"elementor-column elementor-col-50 elementor-top-column elementor-element elementor-element-42e410d\" data-id=\"42e410d\" data-element_type=\"column\">\n\t\t\t<div class=\"elementor-widget-wrap elementor-element-populated\">\n\t\t\t\t\t\t<div class=\"elementor-element elementor-element-61d50f1 elementor-widget elementor-widget-text-editor\" data-id=\"61d50f1\" data-element_type=\"widget\" data-widget_type=\"text-editor.default\">\n\t\t\t\t<div class=\"elementor-widget-container\">\n\t\t\t\t\t\t\t\t\t<ul class=\"ul1\"><li class=\"li1\">de Titre de S\u00e9jour (Passeport) Talent \u2013 Investisseur<\/li><li class=\"li1\">de Titre de S\u00e9jour (Passeport) Talent \u2013 Renomm\u00e9e Nationale ou Internationale<\/li><li class=\"li1\">de Titre de S\u00e9jour (Passeport) Talent \u2013 Artiste\/Interpr\u00e8te<\/li><li class=\"li1\">de Titre de S\u00e9jour (Passeport) Talent \u2013 Chercheur<\/li><li class=\"li1\">de Titre de S\u00e9jour Stagiaire avec la demande d\u2019Avis sur la Convention de Stage<\/li><li class=\"li1\">d\u2019Introduction de Salari\u00e9<\/li><li class=\"li1\">d\u2019Introduction de Travailleur Temporaire<\/li><li class=\"li1\">d\u2019Introduction de Salari\u00e9 saisonnier<\/li><li class=\"li1\">de demande d\u2019Autorisation de Travail<\/li><li class=\"li1\">d\u2019Introduction de Entrepreneur\/Profession Lib\u00e9rale\/Commer\u00e7ant avec la demande d\u2019Avis sur le projet<\/li><li class=\"li1\">d\u2019Introduction d\u2019Artiste\/Musicien\/Acteur\/Mannequin\/Sportif<\/li><li class=\"li1\">d\u2019Introduction de Visiteur<\/li><li class=\"li1\">d\u2019Introduction d\u2019\u00c9tudiant<\/li><li class=\"li1\">d\u2019Introduction de Membre de Famille de Ressortissant fran\u00e7ais<\/li><li class=\"li1\">d\u2019Introduction de Membre de Famille de Ressortissant de l\u2019Union Europ\u00e9enne<\/li><li class=\"li1\">de demande de Visa pour un Pays hors Union Europ\u00e9enne<\/li><\/ul>\t\t\t\t\t\t\t\t<\/div>\n\t\t\t\t<\/div>\n\t\t\t\t\t<\/div>\n\t\t<\/div>\n\t\t\t\t\t<\/div>\n\t\t<\/section>\n\t\t\t\t<section class=\"elementor-section elementor-top-section elementor-element elementor-element-5618cc8 elementor-section-boxed elementor-section-height-default elementor-section-height-default\" data-id=\"5618cc8\" data-element_type=\"section\" data-settings=\"{&quot;background_background&quot;:&quot;classic&quot;}\">\n\t\t\t\t\t\t<div class=\"elementor-container elementor-column-gap-no\">\n\t\t\t\t\t<div class=\"elementor-column elementor-col-100 elementor-top-column elementor-element elementor-element-f724c75\" data-id=\"f724c75\" data-element_type=\"column\" data-settings=\"{&quot;background_background&quot;:&quot;classic&quot;}\">\n\t\t\t<div class=\"elementor-widget-wrap elementor-element-populated\">\n\t\t\t\t\t<div class=\"elementor-background-overlay\"><\/div>\n\t\t\t\t\t\t<div class=\"elementor-element elementor-element-9299fe6 elementor-widget elementor-widget-heading\" data-id=\"9299fe6\" data-element_type=\"widget\" data-widget_type=\"heading.default\">\n\t\t\t\t<div class=\"elementor-widget-container\">\n\t\t\t\t\t<h2 class=\"elementor-heading-title elementor-size-default\"><span style=\"text-transform: uppercase\">service #2<\/span><\/h2>\t\t\t\t<\/div>\n\t\t\t\t<\/div>\n\t\t\t\t<div class=\"elementor-element elementor-element-5478786 elementor-widget elementor-widget-heading\" data-id=\"5478786\" data-element_type=\"widget\" data-widget_type=\"heading.default\">\n\t\t\t\t<div class=\"elementor-widget-container\">\n\t\t\t\t\t<h2 class=\"elementor-heading-title elementor-size-default\">LE DROIT DES ETRANGERS\n<\/h2>\t\t\t\t<\/div>\n\t\t\t\t<\/div>\n\t\t\t\t\t<\/div>\n\t\t<\/div>\n\t\t\t\t\t<\/div>\n\t\t<\/section>\n\t\t\t\t<section class=\"elementor-section elementor-top-section elementor-element elementor-element-ef855c9 elementor-section-content-middle elementor-section-boxed elementor-section-height-default elementor-section-height-default\" data-id=\"ef855c9\" data-element_type=\"section\">\n\t\t\t\t\t\t<div class=\"elementor-container elementor-column-gap-no\">\n\t\t\t\t\t<div class=\"elementor-column elementor-col-100 elementor-top-column elementor-element elementor-element-589a778\" data-id=\"589a778\" data-element_type=\"column\">\n\t\t\t<div class=\"elementor-widget-wrap elementor-element-populated\">\n\t\t\t\t\t\t<div class=\"elementor-element elementor-element-5ffed46 elementor-widget elementor-widget-heading\" data-id=\"5ffed46\" data-element_type=\"widget\" data-widget_type=\"heading.default\">\n\t\t\t\t<div class=\"elementor-widget-container\">\n\t\t\t\t\t<p class=\"elementor-heading-title elementor-size-default\">Le CABINET DUJONCQUOY assiste ses clients dans toutes les d\u00e9marches aupr\u00e8s des Pr\u00e9fectures et des Administrations concernant leur s\u00e9jour en France, pour les demandes\u00a0: \n<\/p>\t\t\t\t<\/div>\n\t\t\t\t<\/div>\n\t\t\t\t<div class=\"elementor-element elementor-element-16f2202 elementor-widget elementor-widget-text-editor\" data-id=\"16f2202\" data-element_type=\"widget\" data-widget_type=\"text-editor.default\">\n\t\t\t\t<div class=\"elementor-widget-container\">\n\t\t\t\t\t\t\t\t\t<ul class=\"ul1\"><li class=\"li1\">d\u2019Autorisation Provisoire de S\u00e9jour<\/li><li class=\"li1\">de R\u00e9c\u00e9piss\u00e9 de Demande de Titre de S\u00e9jour<\/li><li class=\"li1\">de Titre de S\u00e9jour Temporaire ou Pluriannuel<\/li><li class=\"li1\">de Certificat de R\u00e9sidence Alg\u00e9rien<\/li><li class=\"li1\">de Changement de Statut<\/li><li class=\"li1\">de Carte de R\u00e9sident de Dix ans<\/li><li class=\"li1\">de Carte de R\u00e9sident de Longue Dur\u00e9e Union-Europ\u00e9enne<\/li><li class=\"li1\">de Carte de R\u00e9sident Permanent<\/li><li class=\"li1\">de Regroupement Familial<\/li><li class=\"li1\">de Document de Circulation Pour \u00c9tranger Mineur<\/li><li class=\"li1\">de R\u00e9gularisation des \u00c9trangers en situation irr\u00e9guli\u00e8re, sur la base du travail ou de la vie priv\u00e9e et familiale ou en raison de la dur\u00e9e du s\u00e9jour en France<\/li><li class=\"li1\">de R\u00e9gularisation des \u00c9trangers en situation irr\u00e9guli\u00e8re, en qualit\u00e9 de conjoint de ressortissant fran\u00e7ais, de parent d\u2019enfant fran\u00e7ais ou d\u2019ascendant de ressortissant fran\u00e7ais.<\/li><\/ul>\t\t\t\t\t\t\t\t<\/div>\n\t\t\t\t<\/div>\n\t\t\t\t\t<\/div>\n\t\t<\/div>\n\t\t\t\t\t<\/div>\n\t\t<\/section>\n\t\t\t\t<section class=\"elementor-section elementor-top-section elementor-element elementor-element-a07878f elementor-section-boxed elementor-section-height-default elementor-section-height-default\" data-id=\"a07878f\" data-element_type=\"section\" data-settings=\"{&quot;background_background&quot;:&quot;classic&quot;}\">\n\t\t\t\t\t\t<div class=\"elementor-container elementor-column-gap-no\">\n\t\t\t\t\t<div class=\"elementor-column elementor-col-100 elementor-top-column elementor-element elementor-element-327cd43\" data-id=\"327cd43\" data-element_type=\"column\" data-settings=\"{&quot;background_background&quot;:&quot;classic&quot;}\">\n\t\t\t<div class=\"elementor-widget-wrap elementor-element-populated\">\n\t\t\t\t\t<div class=\"elementor-background-overlay\"><\/div>\n\t\t\t\t\t\t<div class=\"elementor-element elementor-element-424f19a elementor-widget elementor-widget-heading\" data-id=\"424f19a\" data-element_type=\"widget\" data-widget_type=\"heading.default\">\n\t\t\t\t<div class=\"elementor-widget-container\">\n\t\t\t\t\t<h2 class=\"elementor-heading-title elementor-size-default\"><span style=\"text-transform: uppercase\">service #3<\/span><\/h2>\t\t\t\t<\/div>\n\t\t\t\t<\/div>\n\t\t\t\t<div class=\"elementor-element elementor-element-89f991f elementor-widget elementor-widget-heading\" data-id=\"89f991f\" data-element_type=\"widget\" data-widget_type=\"heading.default\">\n\t\t\t\t<div class=\"elementor-widget-container\">\n\t\t\t\t\t<h2 class=\"elementor-heading-title elementor-size-default\">LE DROIT DE LA NATIONALIT\u00c9 \n<\/h2>\t\t\t\t<\/div>\n\t\t\t\t<\/div>\n\t\t\t\t\t<\/div>\n\t\t<\/div>\n\t\t\t\t\t<\/div>\n\t\t<\/section>\n\t\t\t\t<section class=\"elementor-section elementor-top-section elementor-element elementor-element-f608fae elementor-section-content-middle elementor-section-boxed elementor-section-height-default elementor-section-height-default\" data-id=\"f608fae\" data-element_type=\"section\">\n\t\t\t\t\t\t<div class=\"elementor-container elementor-column-gap-no\">\n\t\t\t\t\t<div class=\"elementor-column elementor-col-100 elementor-top-column elementor-element elementor-element-a06da06\" data-id=\"a06da06\" data-element_type=\"column\">\n\t\t\t<div class=\"elementor-widget-wrap elementor-element-populated\">\n\t\t\t\t\t\t<div class=\"elementor-element elementor-element-23c8d72 elementor-widget elementor-widget-heading\" data-id=\"23c8d72\" data-element_type=\"widget\" data-widget_type=\"heading.default\">\n\t\t\t\t<div class=\"elementor-widget-container\">\n\t\t\t\t\t<p class=\"elementor-heading-title elementor-size-default\">Le CABINET DUJONCQUOY apporte son expertise et assiste ses clients dans leurs demandes d\u2019obtention de la Nationalit\u00e9 Fran\u00e7aise par : \n<\/p>\t\t\t\t<\/div>\n\t\t\t\t<\/div>\n\t\t\t\t<div class=\"elementor-element elementor-element-07cb619 elementor-widget elementor-widget-text-editor\" data-id=\"07cb619\" data-element_type=\"widget\" data-widget_type=\"text-editor.default\">\n\t\t\t\t<div class=\"elementor-widget-container\">\n\t\t\t\t\t\t\t\t\t<ul class=\"ul1\"><li class=\"li1\">la Naturalisation par D\u00e9cret<\/li><li class=\"li1\">la Naturalisation par D\u00e9claration<\/li><li class=\"li1\">l\u2019Obtention du Certificat de Nationalit\u00e9 fran\u00e7aise<\/li><li class=\"li1\">la R\u00e9int\u00e9gration dans la Nationalit\u00e9 fran\u00e7aise<\/li><li class=\"li1\">l\u2019Action D\u00e9claratoire<\/li><\/ul>\t\t\t\t\t\t\t\t<\/div>\n\t\t\t\t<\/div>\n\t\t\t\t\t<\/div>\n\t\t<\/div>\n\t\t\t\t\t<\/div>\n\t\t<\/section>\n\t\t\t\t<section class=\"elementor-section elementor-top-section elementor-element elementor-element-f07dd44 elementor-section-boxed elementor-section-height-default elementor-section-height-default\" data-id=\"f07dd44\" data-element_type=\"section\" data-settings=\"{&quot;background_background&quot;:&quot;classic&quot;}\">\n\t\t\t\t\t\t<div class=\"elementor-container elementor-column-gap-no\">\n\t\t\t\t\t<div class=\"elementor-column elementor-col-100 elementor-top-column elementor-element elementor-element-dd99e45\" data-id=\"dd99e45\" data-element_type=\"column\" data-settings=\"{&quot;background_background&quot;:&quot;classic&quot;}\">\n\t\t\t<div class=\"elementor-widget-wrap elementor-element-populated\">\n\t\t\t\t\t<div class=\"elementor-background-overlay\"><\/div>\n\t\t\t\t\t\t<div class=\"elementor-element elementor-element-2095e30 elementor-widget elementor-widget-heading\" data-id=\"2095e30\" data-element_type=\"widget\" data-widget_type=\"heading.default\">\n\t\t\t\t<div class=\"elementor-widget-container\">\n\t\t\t\t\t<h2 class=\"elementor-heading-title elementor-size-default\"><span style=\"text-transform: uppercase\">service #4<\/span><\/h2>\t\t\t\t<\/div>\n\t\t\t\t<\/div>\n\t\t\t\t<div class=\"elementor-element elementor-element-94dad82 elementor-widget elementor-widget-heading\" data-id=\"94dad82\" data-element_type=\"widget\" data-widget_type=\"heading.default\">\n\t\t\t\t<div class=\"elementor-widget-container\">\n\t\t\t\t\t<h2 class=\"elementor-heading-title elementor-size-default\">LES CONTESTATIONS DES D\u00c9CISIONS ADMINISTRATIVES ET JUDICIAIRES AFF\u00c9RENTES AUX \u00c9TRANGERS \n<\/h2>\t\t\t\t<\/div>\n\t\t\t\t<\/div>\n\t\t\t\t\t<\/div>\n\t\t<\/div>\n\t\t\t\t\t<\/div>\n\t\t<\/section>\n\t\t\t\t<section class=\"elementor-section elementor-top-section elementor-element elementor-element-7dbe07b elementor-section-content-middle elementor-section-boxed elementor-section-height-default elementor-section-height-default\" data-id=\"7dbe07b\" data-element_type=\"section\">\n\t\t\t\t\t\t<div class=\"elementor-container elementor-column-gap-no\">\n\t\t\t\t\t<div class=\"elementor-column elementor-col-100 elementor-top-column elementor-element elementor-element-841b643\" data-id=\"841b643\" data-element_type=\"column\">\n\t\t\t<div class=\"elementor-widget-wrap elementor-element-populated\">\n\t\t\t\t\t\t<div class=\"elementor-element elementor-element-3b20f08 elementor-widget elementor-widget-heading\" data-id=\"3b20f08\" data-element_type=\"widget\" data-widget_type=\"heading.default\">\n\t\t\t\t<div class=\"elementor-widget-container\">\n\t\t\t\t\t<p class=\"elementor-heading-title elementor-size-default\">Le CABINET DUJONCQUOY effectue pour ses clients\u00a0: \n<\/p>\t\t\t\t<\/div>\n\t\t\t\t<\/div>\n\t\t\t\t<div class=\"elementor-element elementor-element-101be06 elementor-widget elementor-widget-text-editor\" data-id=\"101be06\" data-element_type=\"widget\" data-widget_type=\"text-editor.default\">\n\t\t\t\t<div class=\"elementor-widget-container\">\n\t\t\t\t\t\t\t\t\t<ul class=\"ul1\"><li class=\"li1\">des Recours Gracieux contre les d\u00e9cisions des administrations<\/li><li class=\"li1\">des Recours Hi\u00e9rarchiques contre les d\u00e9cisions des administrations<\/li><li class=\"li1\">des Recours contre les d\u00e9cisions des Consulats de France devant la Commission de Recours Contre les D\u00e9cisions de Refus de Visa d\u2019Entr\u00e9e en France<\/li><li class=\"li1\">des Recours au Fond et en R\u00e9f\u00e9r\u00e9 devant les Tribunaux Administratifs<\/li><li class=\"li1\">des Recours devant les Cours Administratives d\u2019Appel<\/li><li class=\"li1\">des proc\u00e9dures devant les Juridictions Judiciaires<\/li><\/ul>\t\t\t\t\t\t\t\t<\/div>\n\t\t\t\t<\/div>\n\t\t\t\t<div class=\"elementor-element elementor-element-ec2d2cb elementor-widget elementor-widget-heading\" data-id=\"ec2d2cb\" data-element_type=\"widget\" data-widget_type=\"heading.default\">\n\t\t\t\t<div class=\"elementor-widget-container\">\n\t\t\t\t\t<p class=\"elementor-heading-title elementor-size-default\">et les repr\u00e9sente dans le cadre de ces proc\u00e9dures ainsi que devant la Commission du Titre de S\u00e9jour\n<\/p>\t\t\t\t<\/div>\n\t\t\t\t<\/div>\n\t\t\t\t\t<\/div>\n\t\t<\/div>\n\t\t\t\t\t<\/div>\n\t\t<\/section>\n\t\t\t\t<section class=\"elementor-section elementor-top-section elementor-element elementor-element-664a150 elementor-section-boxed elementor-section-height-default elementor-section-height-default\" data-id=\"664a150\" data-element_type=\"section\" data-settings=\"{&quot;background_background&quot;:&quot;classic&quot;}\">\n\t\t\t\t\t\t<div class=\"elementor-container elementor-column-gap-no\">\n\t\t\t\t\t<div class=\"elementor-column elementor-col-100 elementor-top-column elementor-element elementor-element-1afa68d\" data-id=\"1afa68d\" data-element_type=\"column\" data-settings=\"{&quot;background_background&quot;:&quot;classic&quot;}\">\n\t\t\t<div class=\"elementor-widget-wrap elementor-element-populated\">\n\t\t\t\t\t<div class=\"elementor-background-overlay\"><\/div>\n\t\t\t\t\t\t<div class=\"elementor-element elementor-element-7d59880 elementor-widget elementor-widget-heading\" data-id=\"7d59880\" data-element_type=\"widget\" data-widget_type=\"heading.default\">\n\t\t\t\t<div class=\"elementor-widget-container\">\n\t\t\t\t\t<h2 class=\"elementor-heading-title elementor-size-default\"><span style=\"text-transform: uppercase\">service #5<\/span><\/h2>\t\t\t\t<\/div>\n\t\t\t\t<\/div>\n\t\t\t\t<div class=\"elementor-element elementor-element-a1e9698 elementor-widget elementor-widget-heading\" data-id=\"a1e9698\" data-element_type=\"widget\" data-widget_type=\"heading.default\">\n\t\t\t\t<div class=\"elementor-widget-container\">\n\t\t\t\t\t<h2 class=\"elementor-heading-title elementor-size-default\">AUTRES SERVICES \n<\/h2>\t\t\t\t<\/div>\n\t\t\t\t<\/div>\n\t\t\t\t\t<\/div>\n\t\t<\/div>\n\t\t\t\t\t<\/div>\n\t\t<\/section>\n\t\t\t\t<section class=\"elementor-section elementor-top-section elementor-element elementor-element-127fd4d elementor-section-content-middle elementor-section-boxed elementor-section-height-default elementor-section-height-default\" data-id=\"127fd4d\" data-element_type=\"section\">\n\t\t\t\t\t\t<div class=\"elementor-container elementor-column-gap-no\">\n\t\t\t\t\t<div class=\"elementor-column elementor-col-100 elementor-top-column elementor-element elementor-element-8d23a08\" data-id=\"8d23a08\" data-element_type=\"column\">\n\t\t\t<div class=\"elementor-widget-wrap elementor-element-populated\">\n\t\t\t\t\t\t<div class=\"elementor-element elementor-element-9fb52a0 elementor-widget elementor-widget-heading\" data-id=\"9fb52a0\" data-element_type=\"widget\" data-widget_type=\"heading.default\">\n\t\t\t\t<div class=\"elementor-widget-container\">\n\t\t\t\t\t<p class=\"elementor-heading-title elementor-size-default\">Le CABINET DUJONCQUOY assiste et apporte son expertise \u00e0 ses clients dans le cadre\u00a0: \n<\/p>\t\t\t\t<\/div>\n\t\t\t\t<\/div>\n\t\t\t\t<div class=\"elementor-element elementor-element-64eff2e elementor-widget elementor-widget-text-editor\" data-id=\"64eff2e\" data-element_type=\"widget\" data-widget_type=\"text-editor.default\">\n\t\t\t\t<div class=\"elementor-widget-container\">\n\t\t\t\t\t\t\t\t\t<ul class=\"ul1\"><li class=\"li1\">de la Constitution et de l\u2019Immatriculation de Soci\u00e9t\u00e9s<\/li><li class=\"li1\">de la Pr\u00e9paration et de la Tenue des Assembl\u00e9es des Soci\u00e9t\u00e9s<\/li><li class=\"li1\">du Droit du Travail<\/li><li class=\"li1\">de la R\u00e9daction de Contrats de Travail<\/li><li class=\"li1\">des Formalit\u00e9s aff\u00e9rentes \u00e0 la S\u00e9curit\u00e9 Sociale<\/li><li class=\"li1\">des Formalit\u00e9s de Demandes de Changement de Permis de Conduire<\/li><\/ul>\t\t\t\t\t\t\t\t<\/div>\n\t\t\t\t<\/div>\n\t\t\t\t\t<\/div>\n\t\t<\/div>\n\t\t\t\t\t<\/div>\n\t\t<\/section>\n\t\t\t\t<section class=\"elementor-section elementor-top-section elementor-element elementor-element-2354e18 elementor-section-boxed elementor-section-height-default elementor-section-height-default\" data-id=\"2354e18\" data-element_type=\"section\">\n\t\t\t\t\t\t<div class=\"elementor-container elementor-column-gap-no\">\n\t\t\t\t\t<div class=\"elementor-column elementor-col-100 elementor-top-column elementor-element elementor-element-96dd939\" data-id=\"96dd939\" data-element_type=\"column\" data-settings=\"{&quot;background_background&quot;:&quot;gradient&quot;}\">\n\t\t\t<div class=\"elementor-widget-wrap elementor-element-populated\">\n\t\t\t\t\t\t<div class=\"elementor-element elementor-element-41cc8be elementor-widget elementor-widget-google_maps\" data-id=\"41cc8be\" data-element_type=\"widget\" data-widget_type=\"google_maps.default\">\n\t\t\t\t<div class=\"elementor-widget-container\">\n\t\t\t\t\t\t\t<div class=\"elementor-custom-embed\">\n\t\t\t<iframe loading=\"lazy\"\n\t\t\t\t\tsrc=\"https:\/\/maps.google.com\/maps?q=3%20Avenue%20du%20Pr%C3%A9sident%20Wilson%2C%2075116%20Paris&#038;t=m&#038;z=14&#038;output=embed&#038;iwloc=near\"\n\t\t\t\t\ttitle=\"3 Avenue du Pr\u00e9sident Wilson, 75116 Paris\"\n\t\t\t\t\taria-label=\"3 Avenue du Pr\u00e9sident Wilson, 75116 Paris\"\n\t\t\t><\/iframe>\n\t\t<\/div>\n\t\t\t\t\t\t<\/div>\n\t\t\t\t<\/div>\n\t\t\t\t\t<\/div>\n\t\t<\/div>\n\t\t\t\t\t<\/div>\n\t\t<\/section>\n\t\t\t\t<\/div>\n\t\t","protected":false},"excerpt":{"rendered":"<p>service #1 LA MOBILITE INTERNATIONALE Le CABINET DUJONCQUOY conseille, assiste, guide et accompagne ses clients en France et \u00e0 l\u2019\u00e9tranger dans les demandes\u00a0: de Visa Long S\u00e9jour de Visa Schengen de Court S\u00e9jour de Titre de S\u00e9jour Salari\u00e9 D\u00e9tach\u00e9 ICT de Titre de S\u00e9jour (Passeport) Talent \u2013 Salari\u00e9 en Mission de Titre de S\u00e9jour (Passeport) [&hellip;]<\/p>\n","protected":false},"author":1,"featured_media":0,"parent":0,"menu_order":0,"comment_status":"closed","ping_status":"closed","template":"elementor_header_footer","meta":{"footnotes":""},"class_list":["post-143","page","type-page","status-publish","hentry"],"_links":{"self":[{"href":"https:\/\/cabinetdujoncquoy.com\/index.php\/wp-json\/wp\/v2\/pages\/143","targetHints":{"allow":["GET"]}}],"collection":[{"href":"https:\/\/cabinetdujoncquoy.com\/index.php\/wp-json\/wp\/v2\/pages"}],"about":[{"href":"https:\/\/cabinetdujoncquoy.com\/index.php\/wp-json\/wp\/v2\/types\/page"}],"author":[{"embeddable":true,"href":"https:\/\/cabinetdujoncquoy.com\/index.php\/wp-json\/wp\/v2\/users\/1"}],"replies":[{"embeddable":true,"href":"https:\/\/cabinetdujoncquoy.com\/index.php\/wp-json\/wp\/v2\/comments?post=143"}],"version-history":[{"count":65,"href":"https:\/\/cabinetdujoncquoy.com\/index.php\/wp-json\/wp\/v2\/pages\/143\/revisions"}],"predecessor-version":[{"id":696,"href":"https:\/\/cabinetdujoncquoy.com\/index.php\/wp-json\/wp\/v2\/pages\/143\/revisions\/696"}],"wp:attachment":[{"href":"https:\/\/cabinetdujoncquoy.com\/index.php\/wp-json\/wp\/v2\/media?parent=143"}],"curies":[{"name":"wp","href":"https:\/\/api.w.org\/{rel}","templated":true}]}}